{"id":11,"date":"2020-08-23T21:39:16","date_gmt":"2020-08-23T19:39:16","guid":{"rendered":"http:\/\/medibourgeois.be\/?page_id=11"},"modified":"2020-10-02T20:56:57","modified_gmt":"2020-10-02T18:56:57","slug":"liens-utiles","status":"publish","type":"page","link":"https:\/\/medibourgeois.be\/index.php\/liens-utiles\/","title":{"rendered":"Liens utiles"},"content":{"rendered":"\n<p>Vous trouverez ci-dessous une s\u00e9rie de liens utiles vers des sites internet li\u00e9s \u00e0 la m\u00e9decine<\/p>\n\n\n\n<p><strong>Pharmacie de garde<\/strong><\/p>\n\n\n\n<p>Entre 22h et 9h du matin, &nbsp;seul le num\u00e9ro payant &nbsp;<a href=\"tel:0903\/99 000\">0903\/99 000<\/a>&nbsp;(1,50 \u20ac\/min) permet d\u2019obtenir des informations sur les pharmacies de garde. En-dehors de ces heures, vous pouvez trouver la liste des pharmacies ouvertes sur le lien suivant: <a rel=\"noreferrer noopener\" href=\"http:\/\/pharmacie.be\" data-type=\"URL\" data-id=\"pharmacie.be\" target=\"_blank\">pharmacie.be<\/a><\/p>\n\n\n\n<p><strong>L\u2019institut de M\u00e9decine tropicale d\u2019Anvers<\/strong><br><br>Vous planifier un grand voyage ? Vous trouverez ici de nombreuses informations utiles.<br><br><a href=\"http:\/\/www.itg.be\/\" target=\"_blank\" rel=\"noreferrer noopener\">http:\/\/www.itg.be\/<\/a><\/p>\n\n\n\n<p><strong>Soci\u00e9t\u00e9 scientifique de M\u00e9decine G\u00e9n\u00e9rale et Mon g\u00e9n\u00e9raliste.be<\/strong><br><br>Vous cherchez des renseignements sur votre diab\u00e8te? Une consommation d&rsquo;alcool? Une maladie particuli\u00e8re? Un traitement? \u00a0Sur internet, il n&rsquo;est pas toujours facile de trouver de l&rsquo;information m\u00e9dicale pertinente. Plut\u00f4t que de vous perdre dans les nombreux sites qui vont d\u00e9filer, jetez plut\u00f4t un oeil au site \u00ab\u00a0<strong><em>www.mongeneraliste.be<\/em><\/strong>\u00a0\u00bb.<br><br>Vous y trouverez une information m\u00e9dicale juste, r\u00e9alis\u00e9e par des m\u00e9decins, et scientifiquement valid\u00e9e.<br><br><a rel=\"noreferrer noopener\" href=\"http:\/\/www.mongeneraliste.be\" data-type=\"URL\" data-id=\"http:\/\/www.mongeneraliste.be\" target=\"_blank\">www.mongeneraliste.be<\/a><\/p>\n\n\n\n<p><strong>Vaccination info.be<\/strong><\/p>\n\n\n\n<p>Une question par rapport \u00e0 la vaccination  <br><br><a href=\"http:\/\/vaccination-info.be\" data-type=\"URL\" data-id=\"vaccination-info.be\" target=\"_blank\" rel=\"noreferrer noopener\">https:\/\/www.vaccination-info.be\/<\/a><\/p>\n\n\n\n<p><strong>Centre antipoison<\/strong><br><br>Une crainte par rapport \u00e0 une possible intoxication<br><br><a href=\"https:\/\/www.centreantipoisons.be\/\" target=\"_blank\" rel=\"noreferrer noopener\">https:\/\/www.centreantipoisons.be\/<\/a><\/p>\n","protected":false},"excerpt":{"rendered":"<p>Vous trouverez ci-dessous une s\u00e9rie de liens utiles vers des sites internet li\u00e9s \u00e0 la m\u00e9decine Pharmacie de garde Entre 22h et 9h du matin, &nbsp;seul le num\u00e9ro payant &nbsp;0903\/99 000&nbsp;(1,50 \u20ac\/min) permet d\u2019obtenir des informations sur les pharmacies de garde. En-dehors de ces heures, vous pouvez trouver la liste des pharmacies ouvertes sur le &hellip; <\/p>\n<p class=\"link-more\"><a href=\"https:\/\/medibourgeois.be\/index.php\/liens-utiles\/\" class=\"more-link\">Continuer la lecture<span class=\"screen-reader-text\"> de &laquo;&nbsp;Liens utiles&nbsp;&raquo;<\/span><\/a><\/p>\n","protected":false},"author":1,"featured_media":0,"parent":0,"menu_order":0,"comment_status":"closed","ping_status":"closed","template":"","meta":{"footnotes":""},"class_list":["post-11","page","type-page","status-publish","hentry"],"_links":{"self":[{"href":"https:\/\/medibourgeois.be\/index.php\/wp-json\/wp\/v2\/pages\/11","targetHints":{"allow":["GET"]}}],"collection":[{"href":"https:\/\/medibourgeois.be\/index.php\/wp-json\/wp\/v2\/pages"}],"about":[{"href":"https:\/\/medibourgeois.be\/index.php\/wp-json\/wp\/v2\/types\/page"}],"author":[{"embeddable":true,"href":"https:\/\/medibourgeois.be\/index.php\/wp-json\/wp\/v2\/users\/1"}],"replies":[{"embeddable":true,"href":"https:\/\/medibourgeois.be\/index.php\/wp-json\/wp\/v2\/comments?post=11"}],"version-history":[{"count":6,"href":"https:\/\/medibourgeois.be\/index.php\/wp-json\/wp\/v2\/pages\/11\/revisions"}],"predecessor-version":[{"id":121,"href":"https:\/\/medibourgeois.be\/index.php\/wp-json\/wp\/v2\/pages\/11\/revisions\/121"}],"wp:attachment":[{"href":"https:\/\/medibourgeois.be\/index.php\/wp-json\/wp\/v2\/media?parent=11"}],"curies":[{"name":"wp","href":"https:\/\/api.w.org\/{rel}","templated":true}]}}