{"id":1110,"date":"2025-07-10T14:47:05","date_gmt":"2025-07-10T12:47:05","guid":{"rendered":"https:\/\/medibourgeois.be\/?page_id=1110"},"modified":"2026-03-05T19:51:29","modified_gmt":"2026-03-05T18:51:29","slug":"location-de-cabinet","status":"publish","type":"page","link":"https:\/\/medibourgeois.be\/index.php\/location-de-cabinet\/","title":{"rendered":"Location de cabinet"},"content":{"rendered":"\n<p class=\"has-text-align-left\">Le centre m\u00e9dical Medibourgeois, localis\u00e9 sur la place de bourgeois \u00e0 Rixensart, propose une location de cabinet pour m\u00e9decins sp\u00e9cialistes et param\u00e9dicaux. <br>Equipe dynamique et accueillante compos\u00e9e de 4 m\u00e9decins g\u00e9n\u00e9ralistes, 2 m\u00e9decins assistant.e.s en m\u00e9decine g\u00e9n\u00e9rale, une m\u00e9decin en m\u00e9decine chinoise et acupuncture, un ost\u00e9opathe, un chirurgien orthop\u00e9diste et une secr\u00e9taire. Et peut-\u00eatre vous?<br><br>Acc\u00e8s PMR, parking ais\u00e9 sur la place. <br><br>Si vous \u00eates int\u00e9ress\u00e9 vous pouvez nous \u00e9crire \u00e0 l\u2019adresse mail suivant : <a href=\"mailto:secretariat@medibourgeois.be\">secretariat@medibourgeois.be<\/a><\/p>\n\n\n\n<figure class=\"wp-block-image size-large\"><img loading=\"lazy\" decoding=\"async\" width=\"1024\" height=\"768\" src=\"https:\/\/medibourgeois.be\/wp-content\/uploads\/2025\/07\/image-1-1024x768.png\" alt=\"\" class=\"wp-image-1112\" srcset=\"https:\/\/medibourgeois.be\/wp-content\/uploads\/2025\/07\/image-1-1024x768.png 1024w, https:\/\/medibourgeois.be\/wp-content\/uploads\/2025\/07\/image-1-300x225.png 300w, https:\/\/medibourgeois.be\/wp-content\/uploads\/2025\/07\/image-1-768x576.png 768w, https:\/\/medibourgeois.be\/wp-content\/uploads\/2025\/07\/image-1-1536x1152.png 1536w, https:\/\/medibourgeois.be\/wp-content\/uploads\/2025\/07\/image-1.png 2048w\" sizes=\"auto, (max-width: 767px) 89vw, (max-width: 1000px) 54vw, (max-width: 1071px) 543px, 580px\" \/><\/figure>\n\n\n\n<figure class=\"wp-block-image size-large\"><img loading=\"lazy\" decoding=\"async\" width=\"768\" height=\"1024\" src=\"https:\/\/medibourgeois.be\/wp-content\/uploads\/2025\/07\/image-768x1024.png\" alt=\"\" class=\"wp-image-1111\" srcset=\"https:\/\/medibourgeois.be\/wp-content\/uploads\/2025\/07\/image-768x1024.png 768w, https:\/\/medibourgeois.be\/wp-content\/uploads\/2025\/07\/image-225x300.png 225w, https:\/\/medibourgeois.be\/wp-content\/uploads\/2025\/07\/image-1152x1536.png 1152w, https:\/\/medibourgeois.be\/wp-content\/uploads\/2025\/07\/image.png 1536w\" sizes=\"auto, (max-width: 767px) 89vw, (max-width: 1000px) 54vw, (max-width: 1071px) 543px, 580px\" \/><\/figure>\n\n\n\n<figure class=\"wp-block-image size-large\"><img loading=\"lazy\" decoding=\"async\" width=\"1024\" height=\"768\" src=\"https:\/\/medibourgeois.be\/wp-content\/uploads\/2025\/07\/image-2-1024x768.png\" alt=\"\" class=\"wp-image-1113\" srcset=\"https:\/\/medibourgeois.be\/wp-content\/uploads\/2025\/07\/image-2-1024x768.png 1024w, https:\/\/medibourgeois.be\/wp-content\/uploads\/2025\/07\/image-2-300x225.png 300w, https:\/\/medibourgeois.be\/wp-content\/uploads\/2025\/07\/image-2-768x576.png 768w, https:\/\/medibourgeois.be\/wp-content\/uploads\/2025\/07\/image-2-1536x1152.png 1536w, https:\/\/medibourgeois.be\/wp-content\/uploads\/2025\/07\/image-2.png 2048w\" sizes=\"auto, (max-width: 767px) 89vw, (max-width: 1000px) 54vw, (max-width: 1071px) 543px, 580px\" \/><\/figure>\n\n\n\n<figure class=\"wp-block-image size-large\"><img loading=\"lazy\" decoding=\"async\" width=\"768\" height=\"1024\" src=\"https:\/\/medibourgeois.be\/wp-content\/uploads\/2025\/07\/image-3-768x1024.png\" alt=\"\" class=\"wp-image-1114\" srcset=\"https:\/\/medibourgeois.be\/wp-content\/uploads\/2025\/07\/image-3-768x1024.png 768w, https:\/\/medibourgeois.be\/wp-content\/uploads\/2025\/07\/image-3-225x300.png 225w, https:\/\/medibourgeois.be\/wp-content\/uploads\/2025\/07\/image-3-1152x1536.png 1152w, https:\/\/medibourgeois.be\/wp-content\/uploads\/2025\/07\/image-3.png 1536w\" sizes=\"auto, (max-width: 767px) 89vw, (max-width: 1000px) 54vw, (max-width: 1071px) 543px, 580px\" \/><\/figure>\n","protected":false},"excerpt":{"rendered":"<p>Le centre m\u00e9dical Medibourgeois, localis\u00e9 sur la place de bourgeois \u00e0 Rixensart, propose une location de cabinet pour m\u00e9decins sp\u00e9cialistes et param\u00e9dicaux. Equipe dynamique et accueillante compos\u00e9e de 4 m\u00e9decins g\u00e9n\u00e9ralistes, 2 m\u00e9decins assistant.e.s en m\u00e9decine g\u00e9n\u00e9rale, une m\u00e9decin en m\u00e9decine chinoise et acupuncture, un ost\u00e9opathe, un chirurgien orthop\u00e9diste et une secr\u00e9taire. Et peut-\u00eatre vous? &hellip; <\/p>\n<p class=\"link-more\"><a href=\"https:\/\/medibourgeois.be\/index.php\/location-de-cabinet\/\" class=\"more-link\">Continuer la lecture<span class=\"screen-reader-text\"> de &laquo;&nbsp;Location de cabinet&nbsp;&raquo;<\/span><\/a><\/p>\n","protected":false},"author":3,"featured_media":0,"parent":0,"menu_order":0,"comment_status":"closed","ping_status":"closed","template":"","meta":{"footnotes":""},"class_list":["post-1110","page","type-page","status-publish","hentry"],"_links":{"self":[{"href":"https:\/\/medibourgeois.be\/index.php\/wp-json\/wp\/v2\/pages\/1110","targetHints":{"allow":["GET"]}}],"collection":[{"href":"https:\/\/medibourgeois.be\/index.php\/wp-json\/wp\/v2\/pages"}],"about":[{"href":"https:\/\/medibourgeois.be\/index.php\/wp-json\/wp\/v2\/types\/page"}],"author":[{"embeddable":true,"href":"https:\/\/medibourgeois.be\/index.php\/wp-json\/wp\/v2\/users\/3"}],"replies":[{"embeddable":true,"href":"https:\/\/medibourgeois.be\/index.php\/wp-json\/wp\/v2\/comments?post=1110"}],"version-history":[{"count":5,"href":"https:\/\/medibourgeois.be\/index.php\/wp-json\/wp\/v2\/pages\/1110\/revisions"}],"predecessor-version":[{"id":1205,"href":"https:\/\/medibourgeois.be\/index.php\/wp-json\/wp\/v2\/pages\/1110\/revisions\/1205"}],"wp:attachment":[{"href":"https:\/\/medibourgeois.be\/index.php\/wp-json\/wp\/v2\/media?parent=1110"}],"curies":[{"name":"wp","href":"https:\/\/api.w.org\/{rel}","templated":true}]}}