{"id":9,"date":"2020-08-23T21:39:16","date_gmt":"2020-08-23T19:39:16","guid":{"rendered":"http:\/\/medibourgeois.be\/?page_id=9"},"modified":"2023-04-04T09:39:23","modified_gmt":"2023-04-04T07:39:23","slug":"contact","status":"publish","type":"page","link":"https:\/\/medibourgeois.be\/index.php\/contact\/","title":{"rendered":"Contact"},"content":{"rendered":"\n<p class=\"has-black-color has-text-color\">Le centre m\u00e9dical Medibourgeois se situe sur la <span style=\"text-decoration: underline;\">Place Cardinal Mercier 36\/001 \u00e0 1330 Rixensart.<\/span><br><br>Merci de vous r\u00e9f\u00e9rer \u00e0 la page d\u2019accueil et \u00e0 celle de l\u2019\u00e9quipe pour conna\u00eetre les modalit\u00e9s de contact des diff\u00e9rents praticiens.<\/p>\n\n\n\n<div class=\"wp-block-group\"><div class=\"wp-block-group__inner-container is-layout-flow wp-block-group-is-layout-flow\">\n<p>Notre num\u00e9ro g\u00e9n\u00e9ral pour les rendez-vous: <strong>+32 2 654 05 25<\/strong><\/p>\n\n\n\n<p>Vous pouvez contacter notre secr\u00e9taire, Mme Lieve Lamboray, tous les jours ouvrables \u00e0 ce num\u00e9ro mais \u00e9galement sur l&#8217;email <a href=\"mailto:secretariat@medibourgeois.be\">secretariat@medibourgeois.be<\/a> . Merci de v\u00e9rifiez vos <strong>spams<\/strong> pour les r\u00e9ponses! <\/p>\n<\/div><\/div>\n\n\n\n<iframe src=\"https:\/\/www.google.com\/maps\/embed?pb=!1m18!1m12!1m3!1d2526.5754732273044!2d4.507663815268599!3d50.70926207951187!2m3!1f0!2f0!3f0!3m2!1i1024!2i768!4f13.1!3m3!1m2!1s0x47c3d6dda0f4d875%3A0x2dc9b63387fe7f87!2sPl.%20Cardinal%20Mercier%2036%2C%201330%20Rixensart!5e0!3m2!1sfr!2sbe!4v1628447631316!5m2!1sfr!2sbe\" width=\"600\" height=\"450\" style=\"border:0;\" allowfullscreen=\"\" loading=\"lazy\"><\/iframe>\n","protected":false},"excerpt":{"rendered":"<p>Le centre m\u00e9dical Medibourgeois se situe sur la Place Cardinal Mercier 36\/001 \u00e0 1330 Rixensart. Merci de vous r\u00e9f\u00e9rer \u00e0 la page d\u2019accueil et \u00e0 celle de l\u2019\u00e9quipe pour conna\u00eetre les modalit\u00e9s de contact des diff\u00e9rents praticiens. Notre num\u00e9ro g\u00e9n\u00e9ral pour les rendez-vous: +32 2 654 05 25 Vous pouvez contacter notre secr\u00e9taire, Mme Lieve &hellip; <\/p>\n<p class=\"link-more\"><a href=\"https:\/\/medibourgeois.be\/index.php\/contact\/\" class=\"more-link\">Continuer la lecture<span class=\"screen-reader-text\"> de &laquo;&nbsp;Contact&nbsp;&raquo;<\/span><\/a><\/p>\n","protected":false},"author":1,"featured_media":0,"parent":0,"menu_order":0,"comment_status":"closed","ping_status":"closed","template":"","meta":{"footnotes":""},"class_list":["post-9","page","type-page","status-publish","hentry"],"_links":{"self":[{"href":"https:\/\/medibourgeois.be\/index.php\/wp-json\/wp\/v2\/pages\/9","targetHints":{"allow":["GET"]}}],"collection":[{"href":"https:\/\/medibourgeois.be\/index.php\/wp-json\/wp\/v2\/pages"}],"about":[{"href":"https:\/\/medibourgeois.be\/index.php\/wp-json\/wp\/v2\/types\/page"}],"author":[{"embeddable":true,"href":"https:\/\/medibourgeois.be\/index.php\/wp-json\/wp\/v2\/users\/1"}],"replies":[{"embeddable":true,"href":"https:\/\/medibourgeois.be\/index.php\/wp-json\/wp\/v2\/comments?post=9"}],"version-history":[{"count":19,"href":"https:\/\/medibourgeois.be\/index.php\/wp-json\/wp\/v2\/pages\/9\/revisions"}],"predecessor-version":[{"id":810,"href":"https:\/\/medibourgeois.be\/index.php\/wp-json\/wp\/v2\/pages\/9\/revisions\/810"}],"wp:attachment":[{"href":"https:\/\/medibourgeois.be\/index.php\/wp-json\/wp\/v2\/media?parent=9"}],"curies":[{"name":"wp","href":"https:\/\/api.w.org\/{rel}","templated":true}]}}